{"id":11,"date":"2025-01-08T15:32:42","date_gmt":"2025-01-08T14:32:42","guid":{"rendered":"https:\/\/navisdigitalis.fr\/?page_id=11"},"modified":"2025-01-15T10:35:37","modified_gmt":"2025-01-15T09:35:37","slug":"contact-2","status":"publish","type":"page","link":"https:\/\/navisdigitalis.fr\/index.php\/contact-2\/","title":{"rendered":"Contact"},"content":{"rendered":"\n<div style=\"height:156px\" aria-hidden=\"true\" class=\"wp-block-spacer\"><\/div>\n\n\n\n<div class=\"wp-block-group has-global-padding is-layout-constrained wp-block-group-is-layout-constrained\">\n<div class=\"wp-block-columns are-vertically-aligned-top is-layout-flex wp-container-core-columns-is-layout-d7d455e7 wp-block-columns-is-layout-flex\" style=\"padding-top:0;padding-right:0;padding-bottom:0;padding-left:0\">\n<div class=\"wp-block-column is-vertically-aligned-top is-layout-flow wp-block-column-is-layout-flow\" style=\"padding-right:7%;flex-basis:50%\">\n<p class=\"has-text-color\" style=\"color:#0bb4aa\">Let&#8217;s Connect!<\/p>\n\n\n\n<h2 class=\"wp-block-heading has-large-font-size\">Pr\u00eat \u00e0 d\u00e9marrer votre prochain projet ?<\/h2>\n\n\n\n<p>Notre exp\u00e9rience en syst\u00e8mes d&#8217;information est l\u00e0 pour vous !<br><\/p>\n<\/div>\n\n\n\n<div class=\"wp-block-column is-vertically-aligned-top is-layout-flow wp-block-column-is-layout-flow\" style=\"flex-basis:50%\"><\/div>\n<\/div>\n\n\n\n<div style=\"height:135px\" aria-hidden=\"true\" class=\"wp-block-spacer\"><\/div>\n<\/div>\n\n\n\n<div class=\"wp-block-group alignfull has-global-padding is-layout-constrained wp-container-core-group-is-layout-19e250f3 wp-block-group-is-layout-constrained\">\n<div class=\"wp-block-columns alignfull are-vertically-aligned-center has-light-background-background-color has-background is-layout-flex wp-container-core-columns-is-layout-dd282781 wp-block-columns-is-layout-flex\" style=\"padding-top:0;padding-right:0;padding-bottom:0;padding-left:0\">\n<div class=\"wp-block-column is-vertically-aligned-center map-grayscale is-layout-flow wp-block-column-is-layout-flow\" style=\"flex-basis:50%\">\n<figure class=\"wp-block-image size-large\"><img loading=\"lazy\" decoding=\"async\" width=\"1024\" height=\"578\" src=\"https:\/\/navisdigitalis.fr\/wp-content\/uploads\/2025\/01\/Map-Croisic-1024x578.png\" alt=\"\" class=\"wp-image-38\" srcset=\"https:\/\/navisdigitalis.fr\/wp-content\/uploads\/2025\/01\/Map-Croisic-1024x578.png 1024w, https:\/\/navisdigitalis.fr\/wp-content\/uploads\/2025\/01\/Map-Croisic-300x169.png 300w, https:\/\/navisdigitalis.fr\/wp-content\/uploads\/2025\/01\/Map-Croisic.png 1078w\" sizes=\"auto, (max-width: 1024px) 100vw, 1024px\" \/><\/figure>\n<\/div>\n\n\n\n<div class=\"wp-block-column is-vertically-aligned-center is-layout-flow wp-block-column-is-layout-flow\" style=\"padding-top:var(--wp--preset--spacing--small);padding-right:var(--wp--preset--spacing--small);padding-bottom:var(--wp--preset--spacing--small);padding-left:2%;flex-basis:50%\">\n<h3 class=\"wp-block-heading has-large-font-size\">Navis Digitalis<\/h3>\n\n\n\n<p><\/p>\n\n\n\n<h3 class=\"wp-block-heading\"><strong>Adress<\/strong>e<\/h3>\n\n\n\n<p>Le Croisic<\/p>\n\n\n\n<h3 class=\"wp-block-heading\"><strong>Email<\/strong><\/h3>\n\n\n\n<p>contact@navisdigitalis.fr<\/p>\n\n\n\n<h3 class=\"wp-block-heading\"><strong>Phone<\/strong><\/h3>\n\n\n\n<p>123456789<\/p>\n<\/div>\n<\/div>\n<\/div>\n\n\n\n<div class=\"wp-block-group has-global-padding is-layout-constrained wp-block-group-is-layout-constrained\">\n<div style=\"height:33px\" aria-hidden=\"true\" class=\"wp-block-spacer\"><\/div>\n\n\n\n<div style=\"height:45px\" aria-hidden=\"true\" class=\"wp-block-spacer\"><\/div>\n<\/div>\n","protected":false},"excerpt":{"rendered":"<p>Let&#8217;s Connect! Pr\u00eat \u00e0 d\u00e9marrer votre prochain projet ? Notre exp\u00e9rience en syst\u00e8mes d&#8217;information est l\u00e0 pour vous ! Navis Digitalis Adresse Le Croisic Email contact@navisdigitalis.fr Phone 123456789<\/p>\n","protected":false},"author":1,"featured_media":7,"parent":0,"menu_order":0,"comment_status":"closed","ping_status":"closed","template":"","meta":{"inspiro_hide_title":false,"footnotes":""},"class_list":["post-11","page","type-page","status-publish","has-post-thumbnail","hentry"],"_links":{"self":[{"href":"https:\/\/navisdigitalis.fr\/index.php\/wp-json\/wp\/v2\/pages\/11","targetHints":{"allow":["GET"]}}],"collection":[{"href":"https:\/\/navisdigitalis.fr\/index.php\/wp-json\/wp\/v2\/pages"}],"about":[{"href":"https:\/\/navisdigitalis.fr\/index.php\/wp-json\/wp\/v2\/types\/page"}],"author":[{"embeddable":true,"href":"https:\/\/navisdigitalis.fr\/index.php\/wp-json\/wp\/v2\/users\/1"}],"replies":[{"embeddable":true,"href":"https:\/\/navisdigitalis.fr\/index.php\/wp-json\/wp\/v2\/comments?post=11"}],"version-history":[{"count":3,"href":"https:\/\/navisdigitalis.fr\/index.php\/wp-json\/wp\/v2\/pages\/11\/revisions"}],"predecessor-version":[{"id":39,"href":"https:\/\/navisdigitalis.fr\/index.php\/wp-json\/wp\/v2\/pages\/11\/revisions\/39"}],"wp:featuredmedia":[{"embeddable":true,"href":"https:\/\/navisdigitalis.fr\/index.php\/wp-json\/wp\/v2\/media\/7"}],"wp:attachment":[{"href":"https:\/\/navisdigitalis.fr\/index.php\/wp-json\/wp\/v2\/media?parent=11"}],"curies":[{"name":"wp","href":"https:\/\/api.w.org\/{rel}","templated":true}]}}