{"id":9,"date":"2025-01-08T15:32:42","date_gmt":"2025-01-08T14:32:42","guid":{"rendered":"https:\/\/navisdigitalis.fr\/?page_id=9"},"modified":"2025-04-10T15:29:16","modified_gmt":"2025-04-10T13:29:16","slug":"homepage","status":"publish","type":"page","link":"https:\/\/navisdigitalis.fr\/","title":{"rendered":"Homepage"},"content":{"rendered":"\n<div class=\"wp-block-cover alignfull is-light\" style=\"min-height:100vh;aspect-ratio:unset;\"><span aria-hidden=\"true\" class=\"wp-block-cover__background has-background-dim\" style=\"background-color:#7f949f\"><\/span><img loading=\"lazy\" decoding=\"async\" width=\"2000\" height=\"1317\" class=\"wp-block-cover__image-background wp-image-7\" alt=\"\" src=\"http:\/\/navisdigitalis.fr\/wp-content\/uploads\/2025\/01\/StockSnap_M6D1GS9PSL.jpg\" data-object-fit=\"cover\" srcset=\"https:\/\/navisdigitalis.fr\/wp-content\/uploads\/2025\/01\/StockSnap_M6D1GS9PSL.jpg 2000w, https:\/\/navisdigitalis.fr\/wp-content\/uploads\/2025\/01\/StockSnap_M6D1GS9PSL-300x198.jpg 300w, https:\/\/navisdigitalis.fr\/wp-content\/uploads\/2025\/01\/StockSnap_M6D1GS9PSL-1024x674.jpg 1024w\" sizes=\"auto, (max-width: 2000px) 100vw, 2000px\" \/><div class=\"wp-block-cover__inner-container has-global-padding is-layout-constrained wp-block-cover-is-layout-constrained\">\n<p class=\"has-text-align-center has-white-color has-text-color has-max-60-font-size\" style=\"font-style:normal;font-weight:900;line-height:1.2\"><strong>Create. Amaze. Inspire.<\/strong><\/p>\n\n\n\n<p class=\"has-text-align-center has-white-color has-text-color has-link-color has-medium-font-size wp-elements-4c61c95fbdc6d4dbc5323bc8abf37929\"><strong>Navis Digitalis est une soci\u00e9t\u00e9 de conseil en organisation et syst\u00e8mes d&#8217;information, <\/strong><br><strong>ayant vocation \u00e0 servir dans le domaine maritime.<\/strong><br><br><strong>Ce site est actuellement en construction (sous l&#8217;eau) <\/strong><br><strong>et \u00e9mergera bient\u00f4t d&#8217;un oc\u00e9an d&#8217;id\u00e9es.<\/strong><\/p>\n\n\n\n<div style=\"height:55px\" aria-hidden=\"true\" class=\"wp-block-spacer\"><\/div>\n\n\n\n<div class=\"wp-block-buttons is-content-justification-center is-layout-flex wp-container-core-buttons-is-layout-a89b3969 wp-block-buttons-is-layout-flex\">\n<div class=\"wp-block-button is-style-outline is-style-outline--1\"><a class=\"wp-block-button__link has-primary-color has-text-color wp-element-button\" href=\"#\" style=\"border-radius:0px\">En savoir plus<\/a><\/div>\n<\/div>\n<\/div><\/div>\n\n\n\n<div class=\"wp-block-group has-global-padding is-layout-constrained wp-block-group-is-layout-constrained\">\n<div style=\"height:57px\" aria-hidden=\"true\" class=\"wp-block-spacer\"><\/div>\n\n\n\n<h2 class=\"wp-block-heading has-text-align-center has-medium-font-size\" style=\"letter-spacing:1px\">Nous sommes situ\u00e9s au Croisic et intervenons sur tout le Grand Ouest.<\/h2>\n\n\n\n<p class=\"has-text-align-center\">Pays de Loire, Bretagne, Atlantique, Mer d&#8217;Iroise&#8230;<\/p>\n\n\n\n<div class=\"wp-block-buttons is-horizontal is-content-justification-center is-layout-flex wp-container-core-buttons-is-layout-03627597 wp-block-buttons-is-layout-flex\">\n<div class=\"wp-block-button has-custom-font-size is-style-outline has-small-font-size is-style-outline--2\"><a class=\"wp-block-button__link wp-element-button\" href=\"#\" style=\"border-radius:0px\">Qui sommes-nous<\/a><\/div>\n<\/div>\n\n\n\n<div style=\"height:57px\" aria-hidden=\"true\" class=\"wp-block-spacer\"><\/div>\n<\/div>\n\n\n\n<div class=\"wp-block-group alignfull pattern_multiple_covers has-background has-global-padding is-layout-constrained wp-block-group-is-layout-constrained\" id=\"services\" style=\"background-color:#f8f8f8\">\n<div style=\"height:84px\" aria-hidden=\"true\" class=\"wp-block-spacer\"><\/div>\n\n\n\n<p class=\"has-text-align-left has-secondary-color has-text-color\" style=\"letter-spacing:1px\">Travaillons ensemble !<\/p>\n\n\n\n<h2 class=\"wp-block-heading has-text-align-left\">Nos Services<\/h2>\n\n\n\n<p class=\"has-text-align-left\">Conseil en syst\u00e8mes d&#8217;information et transformation num\u00e9rique<br>Pilotage et direction de projets<br>Accompagnement au montage et pilotage de projets europ\u00e9ens<br>Conseil en organisation et am\u00e9lioration des processus<br>Conseil en management<br>Management de transition<\/p>\n\n\n\n<p class=\"has-text-align-left\"><\/p>\n\n\n\n<div style=\"height:46px\" aria-hidden=\"true\" class=\"wp-block-spacer\"><\/div>\n<\/div>\n\n\n\n<div class=\"wp-block-group alignfull has-global-padding is-layout-constrained wp-block-group-is-layout-constrained\">\n<div class=\"wp-block-group has-global-padding is-layout-constrained wp-block-group-is-layout-constrained\" style=\"padding-top:var(--wp--preset--spacing--small);padding-bottom:var(--wp--preset--spacing--small)\">\n<div style=\"height:30px\" aria-hidden=\"true\" class=\"wp-block-spacer\"><\/div>\n\n\n\n<div class=\"wp-block-columns is-layout-flex wp-container-core-columns-is-layout-c375d253 wp-block-columns-is-layout-flex\">\n<div class=\"wp-block-column is-vertically-aligned-center is-layout-flow wp-block-column-is-layout-flow\">\n<h2 class=\"wp-block-heading has-medium-font-size\" style=\"text-transform:uppercase\">Qui sommes-nous<\/h2>\n\n\n\n<p>Navis Digitalis est une soci\u00e9t\u00e9 de conseil en organisation, management et syst\u00e8mes d\u2019information qui intervient aupr\u00e8s des acteurs des \u00e9cosyst\u00e8mes du maritime et de l\u2019\u00e9conomie bleue. Elle leur apporte des solutions et m\u00e9thodologies \u00e9prouv\u00e9es en posant un regard neuf et innovant sur leurs probl\u00e9matiques d\u2019aujourd\u2019hui.<\/p>\n\n\n\n<div class=\"wp-block-buttons is-horizontal is-content-justification-left is-layout-flex wp-container-core-buttons-is-layout-20be11b6 wp-block-buttons-is-layout-flex\">\n<div class=\"wp-block-button is-style-outline is-style-outline--3\"><a class=\"wp-block-button__link wp-element-button\" href=\"#\" style=\"border-radius:0px\">Qui sommes-nous<\/a><\/div>\n<\/div>\n\n\n\n<p><\/p>\n<\/div>\n\n\n\n<div class=\"wp-block-column is-layout-flow wp-block-column-is-layout-flow\">\n<figure class=\"wp-block-image size-large\"><img decoding=\"async\" src=\"https:\/\/navisdigitalis.fr\/wp-content\/themes\/inspiro\/assets\/images\/StockSnap_JKMGVEJMPU.jpg\" alt=\"\" class=\"wp-image-26\"\/><\/figure>\n<\/div>\n<\/div>\n\n\n\n<div style=\"height:30px\" aria-hidden=\"true\" class=\"wp-block-spacer\"><\/div>\n<\/div>\n<\/div>\n\n\n\n<div class=\"wp-block-group alignfull has-background has-global-padding is-layout-constrained wp-block-group-is-layout-constrained\" style=\"background-color:#f8f8f8\">\n<div class=\"wp-block-group has-global-padding is-layout-constrained wp-block-group-is-layout-constrained\" style=\"padding-top:var(--wp--preset--spacing--small);padding-bottom:var(--wp--preset--spacing--small)\">\n<div style=\"height:30px\" aria-hidden=\"true\" class=\"wp-block-spacer\"><\/div>\n\n\n\n<div class=\"wp-block-columns are-vertically-aligned-center is-layout-flex wp-container-core-columns-is-layout-c375d253 wp-block-columns-is-layout-flex\">\n<div class=\"wp-block-column is-vertically-aligned-center is-layout-flow wp-block-column-is-layout-flow\">\n<figure class=\"wp-block-image size-large\"><img decoding=\"async\" src=\"https:\/\/navisdigitalis.fr\/wp-content\/themes\/inspiro\/assets\/images\/StockSnap_M6D1GS9PSL.jpg\" alt=\"\" class=\"wp-image-27\"\/><\/figure>\n<\/div>\n\n\n\n<div class=\"wp-block-column is-vertically-aligned-center is-layout-flow wp-block-column-is-layout-flow\">\n<h2 class=\"wp-block-heading has-medium-font-size\" style=\"text-transform:uppercase\">Notre offre de services<\/h2>\n\n\n\n<p>Conseil en syst\u00e8mes d&#8217;information et transformation num\u00e9rique<br>Pilotage et direction de projets<br>Accompagnement au montage et pilotage de projets europ\u00e9ens<br>Conseil en organisation et am\u00e9lioration des processus<br>Conseil en management<br>Management de transition<\/p>\n\n\n\n<div class=\"wp-block-buttons is-layout-flex wp-block-buttons-is-layout-flex\">\n<div class=\"wp-block-button is-style-outline is-style-outline--4\"><a class=\"wp-block-button__link wp-element-button\" href=\"#\" style=\"border-radius:0px\">SERVICES<\/a><\/div>\n<\/div>\n<\/div>\n<\/div>\n\n\n\n<div style=\"height:30px\" aria-hidden=\"true\" class=\"wp-block-spacer\"><\/div>\n<\/div>\n<\/div>\n\n\n\n<div id=\"partners\" class=\"wp-block-group has-global-padding is-content-justification-center is-layout-constrained wp-container-core-group-is-layout-dc06fb1d wp-block-group-is-layout-constrained\">\n<div class=\"wp-block-group has-global-padding is-layout-constrained wp-block-group-is-layout-constrained\">\n<div class=\"wp-block-columns are-vertically-aligned-center is-layout-flex wp-container-core-columns-is-layout-28f84493 wp-block-columns-is-layout-flex\"><\/div>\n<\/div>\n<\/div>\n\n\n\n<div id=\"team\" class=\"wp-block-group has-global-padding is-layout-constrained wp-block-group-is-layout-constrained\">\n<div class=\"wp-block-group is-layout-flow wp-block-group-is-layout-flow\">\n<p class=\"has-secondary-color has-text-color has-link-color wp-elements-46cbd4ff4e58c0c8f570526292a9ff8f\">Rencontrons-nous !<\/p>\n\n\n\n<h2 class=\"wp-block-heading\">La Team<\/h2>\n\n\n\n<div style=\"height:27px\" aria-hidden=\"true\" class=\"wp-block-spacer\"><\/div>\n\n\n\n<div style=\"height:0px\" aria-hidden=\"true\" class=\"wp-block-spacer\"><\/div>\n\n\n\n<div class=\"wp-block-columns is-layout-flex wp-container-core-columns-is-layout-28f84493 wp-block-columns-is-layout-flex\">\n<div class=\"wp-block-column is-style-default is-layout-flow wp-block-column-is-layout-flow\" style=\"border-style:none;border-width:0px;padding-top:0;padding-right:0;padding-bottom:0;padding-left:0\">\n<figure class=\"wp-block-image size-full is-style-default\"><img loading=\"lazy\" decoding=\"async\" width=\"442\" height=\"800\" src=\"https:\/\/navisdigitalis.fr\/wp-content\/uploads\/2025\/01\/Photo-PHL-2017-Buste-et-jambes.jpg\" alt=\"\" class=\"wp-image-50\" srcset=\"https:\/\/navisdigitalis.fr\/wp-content\/uploads\/2025\/01\/Photo-PHL-2017-Buste-et-jambes.jpg 442w, https:\/\/navisdigitalis.fr\/wp-content\/uploads\/2025\/01\/Photo-PHL-2017-Buste-et-jambes-166x300.jpg 166w\" sizes=\"auto, (max-width: 442px) 100vw, 442px\" \/><\/figure>\n<\/div>\n\n\n\n<div class=\"wp-block-column is-style-default is-layout-flow wp-block-column-is-layout-flow\" style=\"border-style:none;border-width:0px;padding-top:0;padding-right:0;padding-bottom:0;padding-left:0\">\n<h3 class=\"wp-block-heading\">Paul-Henri Lampe<\/h3>\n\n\n\n<p class=\"has-tertiary-color has-text-color has-link-color wp-elements-92044595a24bf7cc51741f173230c15c\">Fondateur<\/p>\n\n\n\n<p>Avec plus de 30 ans d\u2019exp\u00e9rience dans le domaine IT, j\u2019ai cr\u00e9\u00e9 Navis Digitalis, une soci\u00e9t\u00e9 de conseil en organisation, management et syst\u00e8mes d\u2019information qui intervient aupr\u00e8s des acteurs des \u00e9cosyst\u00e8mes maritimes et \u00e9conomie bleue. J\u2019ai pour vocation de leur apporter des solutions et m\u00e9thodologies \u00e9prouv\u00e9es en posant un regard neuf et innovant sur leurs probl\u00e9matiques d\u2019aujourd\u2019hui.<\/p>\n\n\n\n<p>Mes activit\u00e9s principales :<br>\u2022 Conseil en syst\u00e8mes d&#8217;information et transformation num\u00e9rique<br>\u2022 Pilotage et direction de projets<br>\u2022 Accompagnement au montage et pilotage de projets europ\u00e9ens<br>\u2022 Conseil en organisation et am\u00e9lioration des processus<br>\u2022 Conseil en management<br>\u2022 Management de transition<\/p>\n\n\n\n<p class=\"has-primary-color has-text-color has-link-color wp-elements-7b56fd147143289a860bcd346150cd47\">Je travaille depuis 15 ans avec les p\u00f4les de comp\u00e9titivit\u00e9 et leurs \u00e9cosyst\u00e8mes innovants \u00e0 la pointe du d\u00e9veloppement \u00e9conomique, ayant \u00e9t\u00e9 membre actif de Cap Digital, Medicen et Systematic. Je connais donc bien leur fonctionnement, leurs missions, leurs activit\u00e9s et tous les b\u00e9n\u00e9fices de ces structures pour de la co-construction et du partage de connaissances afin d\u2019acc\u00e9l\u00e9rer le d\u00e9veloppement \u00e9conomique.<\/p>\n\n\n\n<ul class=\"wp-block-social-links has-icon-color is-style-logos-only is-layout-flex wp-container-core-social-links-is-layout-5f86147d wp-block-social-links-is-layout-flex\"><li style=\"color:currentColor;\" class=\"wp-social-link wp-social-link-linkedin has-primary-color wp-block-social-link\"><a href=\"https:\/\/www.linkedin.com\/in\/phlampe\/\" class=\"wp-block-social-link-anchor\"><svg width=\"24\" height=\"24\" viewBox=\"0 0 24 24\" version=\"1.1\" xmlns=\"http:\/\/www.w3.org\/2000\/svg\" aria-hidden=\"true\" focusable=\"false\"><path d=\"M19.7,3H4.3C3.582,3,3,3.582,3,4.3v15.4C3,20.418,3.582,21,4.3,21h15.4c0.718,0,1.3-0.582,1.3-1.3V4.3 C21,3.582,20.418,3,19.7,3z M8.339,18.338H5.667v-8.59h2.672V18.338z M7.004,8.574c-0.857,0-1.549-0.694-1.549-1.548 c0-0.855,0.691-1.548,1.549-1.548c0.854,0,1.547,0.694,1.547,1.548C8.551,7.881,7.858,8.574,7.004,8.574z M18.339,18.338h-2.669 v-4.177c0-0.996-0.017-2.278-1.387-2.278c-1.389,0-1.601,1.086-1.601,2.206v4.249h-2.667v-8.59h2.559v1.174h0.037 c0.356-0.675,1.227-1.387,2.526-1.387c2.703,0,3.203,1.779,3.203,4.092V18.338z\"><\/path><\/svg><span class=\"wp-block-social-link-label screen-reader-text\">https:\/\/www.linkedin.com\/in\/phlampe\/<\/span><\/a><\/li><\/ul>\n<\/div>\n<\/div>\n\n\n\n<div style=\"height:63px\" aria-hidden=\"true\" class=\"wp-block-spacer\"><\/div>\n\n\n\n<div style=\"height:81px\" aria-hidden=\"true\" class=\"wp-block-spacer\"><\/div>\n<\/div>\n<\/div>\n\n\n\n<div id=\"news\" class=\"wp-block-group has-global-padding is-layout-constrained wp-block-group-is-layout-constrained\">\n<div style=\"height:108px\" aria-hidden=\"true\" class=\"wp-block-spacer\"><\/div>\n\n\n\n<p class=\"has-text-align-left has-secondary-color has-text-color\">FROM THE BLOG<\/p>\n\n\n\n<h2 class=\"wp-block-heading has-text-align-left\">Latest News<\/h2>\n\n\n\n<div style=\"height:33px\" aria-hidden=\"true\" class=\"wp-block-spacer\"><\/div>\n\n\n\n<div class=\"wp-block-query is-layout-flow wp-block-query-is-layout-flow\"><ul class=\"columns-3 wp-block-post-template is-layout-grid wp-container-core-post-template-is-layout-6aac66c0 wp-block-post-template-is-layout-grid\"><li class=\"wp-block-post post-61 post type-post status-publish format-standard hentry category-non-classe\">\n\n\n<div style=\"margin-top:0;margin-bottom:0;\" class=\"has-link-color wp-elements-a1817b6b9e4eaefd5826fde68b0a8fdb wp-block-post-date has-text-color has-tertiary-color\"><time datetime=\"2025-10-10T14:47:13+02:00\">10 October 2025<\/time><\/div>\n\n<h3 style=\"margin-top:0;margin-bottom:var(--wp--preset--spacing--x-small);\" class=\"has-link-color wp-elements-2e75b4e4fab489cf445e03eda13279d1 wp-block-post-title\"><a href=\"https:\/\/navisdigitalis.fr\/index.php\/2025\/10\/10\/etude-prospective-sur-les-data-centers-flottants\/\" target=\"_self\" >Etude prospective sur les data centers flottants<\/a><\/h3>\n\n<div class=\"has-link-color wp-elements-61eeeb1d6c31f3761cb8bc35b6e1a095 wp-block-post-excerpt has-text-color has-tertiary-color\"><p class=\"wp-block-post-excerpt__excerpt\">Dans le cadre du Blue Day Edge Computing organis\u00e9 par le P\u00f4le Mer Bretagne Atlantique \u00e0 Brest le 9 octobre 2025, j&#8217;ai particip\u00e9 \u00e0 une table-ronde et pour cela pr\u00e9par\u00e9 une \u00e9tude prospective sur les projets et exp\u00e9rimentations&hellip; <\/p><\/div>\n\n<a style=\"text-transform:uppercase; border-width:2px; padding-right:var(--wp--preset--spacing--x-small);padding-left:var(--wp--preset--spacing--x-small);padding-top:10px;padding-bottom:10px;\" class=\"wp-block-read-more has-text-color has-foreground-color\" href=\"https:\/\/navisdigitalis.fr\/index.php\/2025\/10\/10\/etude-prospective-sur-les-data-centers-flottants\/\" target=\"_self\">Read more<span class=\"screen-reader-text\">: Etude prospective sur les data centers flottants<\/span><\/a>\n<\/li><li class=\"wp-block-post post-1 post type-post status-publish format-standard hentry category-non-classe\">\n\n\n<div style=\"margin-top:0;margin-bottom:0;\" class=\"has-link-color wp-elements-a1817b6b9e4eaefd5826fde68b0a8fdb wp-block-post-date has-text-color has-tertiary-color\"><time datetime=\"2025-01-06T18:00:49+01:00\">6 January 2025<\/time><\/div>\n\n<h3 style=\"margin-top:0;margin-bottom:var(--wp--preset--spacing--x-small);\" class=\"has-link-color wp-elements-2e75b4e4fab489cf445e03eda13279d1 wp-block-post-title\"><a href=\"https:\/\/navisdigitalis.fr\/index.php\/2025\/01\/06\/bonjour-tout-le-monde\/\" target=\"_self\" >Bonjour tout le monde\u00a0!<\/a><\/h3>\n\n<div class=\"has-link-color wp-elements-61eeeb1d6c31f3761cb8bc35b6e1a095 wp-block-post-excerpt has-text-color has-tertiary-color\"><p class=\"wp-block-post-excerpt__excerpt\">Je suis tr\u00e8s heureux et tr\u00e8s fier de vous annoncer la naissance de Navis Digitalis ! <\/p><\/div>\n\n<a style=\"text-transform:uppercase; border-width:2px; padding-right:var(--wp--preset--spacing--x-small);padding-left:var(--wp--preset--spacing--x-small);padding-top:10px;padding-bottom:10px;\" class=\"wp-block-read-more has-text-color has-foreground-color\" href=\"https:\/\/navisdigitalis.fr\/index.php\/2025\/01\/06\/bonjour-tout-le-monde\/\" target=\"_self\">Read more<span class=\"screen-reader-text\">: Bonjour tout le monde\u00a0!<\/span><\/a>\n<\/li><\/ul>\n\n<\/div>\n\n\n\n<div style=\"height:85px\" aria-hidden=\"true\" class=\"wp-block-spacer\"><\/div>\n<\/div>\n","protected":false},"excerpt":{"rendered":"<p>Nous sommes situ\u00e9s au Croisic et intervenons sur tout le Grand Ouest. Pays de Loire, Bretagne, Atlantique, Mer d&#8217;Iroise&#8230; Travaillons ensemble ! Nos Services Conseil en syst\u00e8mes d&#8217;information et transformation num\u00e9riquePilotage et direction de projetsAccompagnement au montage et pilotage de projets europ\u00e9ensConseil en organisation et am\u00e9lioration des processusConseil en managementManagement de transition Qui sommes-nous Navis &hellip; <\/p>\n<p class=\"link-more\"><a href=\"https:\/\/navisdigitalis.fr\/\" class=\"more-link\">Read more<span class=\"screen-reader-text\"> &#8220;Homepage&#8221;<\/span><\/a><\/p>\n","protected":false},"author":1,"featured_media":0,"parent":0,"menu_order":0,"comment_status":"closed","ping_status":"closed","template":"page-templates\/homepage-no-hero.php","meta":{"inspiro_hide_title":false,"footnotes":""},"class_list":["post-9","page","type-page","status-publish","hentry"],"_links":{"self":[{"href":"https:\/\/navisdigitalis.fr\/index.php\/wp-json\/wp\/v2\/pages\/9","targetHints":{"allow":["GET"]}}],"collection":[{"href":"https:\/\/navisdigitalis.fr\/index.php\/wp-json\/wp\/v2\/pages"}],"about":[{"href":"https:\/\/navisdigitalis.fr\/index.php\/wp-json\/wp\/v2\/types\/page"}],"author":[{"embeddable":true,"href":"https:\/\/navisdigitalis.fr\/index.php\/wp-json\/wp\/v2\/users\/1"}],"replies":[{"embeddable":true,"href":"https:\/\/navisdigitalis.fr\/index.php\/wp-json\/wp\/v2\/comments?post=9"}],"version-history":[{"count":20,"href":"https:\/\/navisdigitalis.fr\/index.php\/wp-json\/wp\/v2\/pages\/9\/revisions"}],"predecessor-version":[{"id":60,"href":"https:\/\/navisdigitalis.fr\/index.php\/wp-json\/wp\/v2\/pages\/9\/revisions\/60"}],"wp:attachment":[{"href":"https:\/\/navisdigitalis.fr\/index.php\/wp-json\/wp\/v2\/media?parent=9"}],"curies":[{"name":"wp","href":"https:\/\/api.w.org\/{rel}","templated":true}]}}